{"id":73,"date":"2020-07-19T10:46:43","date_gmt":"2020-07-19T10:46:43","guid":{"rendered":"http:\/\/www.gasthofsterkl.at\/?page_id=73"},"modified":"2020-10-07T21:38:08","modified_gmt":"2020-10-07T21:38:08","slug":"home","status":"publish","type":"page","link":"https:\/\/www.gasthofsterkl.at\/","title":{"rendered":"&#8222;Gria\u00df eich&#8220; in Bischofstetten"},"content":{"rendered":"\n<p class=\"has-text-align-center has-medium-font-size\"><em>Traditionelle K\u00fcche, l\u00e4ndliches Flair, famili\u00e4re Stimmung<\/em><br><em>im Herzen des Sierningtals in der Marktgemeinde Bischofstetten,<\/em> <em>das erwartet Sie seit 1955 in unserem Gasthof<\/em><br><em>mit rustikaler Wirtsstube, festlichem Saal und gem\u00fctlichem Gastgarten.<\/em><\/p>\n","protected":false},"excerpt":{"rendered":"<p>Traditionelle K\u00fcche, l\u00e4ndliches Flair, famili\u00e4re Stimmungim Herzen des Sierningtals in der Marktgemeinde Bischofstetten, das erwartet Sie seit 1955 in unserem Gasthofmit rustikaler Wirtsstube, festlichem Saal und gem\u00fctlichem Gastgarten.<\/p>\n","protected":false},"author":1,"featured_media":0,"parent":0,"menu_order":0,"comment_status":"closed","ping_status":"closed","template":"","meta":[],"_links":{"self":[{"href":"https:\/\/www.gasthofsterkl.at\/index.php?rest_route=\/wp\/v2\/pages\/73"}],"collection":[{"href":"https:\/\/www.gasthofsterkl.at\/index.php?rest_route=\/wp\/v2\/pages"}],"about":[{"href":"https:\/\/www.gasthofsterkl.at\/index.php?rest_route=\/wp\/v2\/types\/page"}],"author":[{"embeddable":true,"href":"https:\/\/www.gasthofsterkl.at\/index.php?rest_route=\/wp\/v2\/users\/1"}],"replies":[{"embeddable":true,"href":"https:\/\/www.gasthofsterkl.at\/index.php?rest_route=%2Fwp%2Fv2%2Fcomments&post=73"}],"version-history":[{"count":38,"href":"https:\/\/www.gasthofsterkl.at\/index.php?rest_route=\/wp\/v2\/pages\/73\/revisions"}],"predecessor-version":[{"id":622,"href":"https:\/\/www.gasthofsterkl.at\/index.php?rest_route=\/wp\/v2\/pages\/73\/revisions\/622"}],"wp:attachment":[{"href":"https:\/\/www.gasthofsterkl.at\/index.php?rest_route=%2Fwp%2Fv2%2Fmedia&parent=73"}],"curies":[{"name":"wp","href":"https:\/\/api.w.org\/{rel}","templated":true}]}}