{"id":77,"date":"2020-07-19T10:46:43","date_gmt":"2020-07-19T10:46:43","guid":{"rendered":"http:\/\/www.gasthofsterkl.at\/?page_id=77"},"modified":"2020-10-04T10:23:34","modified_gmt":"2020-10-04T10:23:34","slug":"service-angebot","status":"publish","type":"page","link":"https:\/\/www.gasthofsterkl.at\/?page_id=77","title":{"rendered":"SERVICE &#038; ANGEBOT"},"content":{"rendered":"\n<p><strong>VERANSTALTUNGEN, FEIERN, CATERING:<\/strong><\/p>\n\n\n\n<p>In unserem Gasthof stehen verschiedenste R\u00e4umlichkeiten f\u00fcr jegliche Art von Events und Veranstaltungen wie <em>Hochzeiten, Geburtstagsfeiern, Weihnachtsfeiern, Taufen, Vereinssitzungen, Firmenfeiern<\/em> sowie <em>Seminar<\/em>e zur Verf\u00fcgung:<\/p>\n\n\n\n<ul><li>die <strong>Gaststube<\/strong> mit 42 Sitzpl\u00e4tzen<\/li><li>das <strong>J\u00e4gerst\u00fcberl<\/strong> mit 28 Sitzpl\u00e4tzen<\/li><li>der <strong>Festsaal<\/strong> mit einem Fassungsverm\u00f6gen von bis zu 250 Personen<\/li><\/ul>\n\n\n\n<p>Zus\u00e4tzlich gibt es im Au\u00dfenbereich den <strong>Schanigarten<\/strong> mit 16 Pl\u00e4tzen, sowie einen<strong> Innenhof<\/strong> mit bis zu 120 Sitzplatzm\u00f6glichkeiten.<br><br>Zur k\u00fcnstlerischen Unterrahmung dienen Bilder des heimischen Malers <em>Karl Krendl<\/em>, welche die W\u00e4nde unserer Innenr\u00e4umen zieren.<br><br>Neben t\u00e4glichen Mittagsmen\u00fcs bieten wir <em>Thementage<\/em> wie <em>Steakessen<\/em>, <em>Wildbrettage, &#8222;Martinigansl&#8220; <\/em>sowie <em>Themenabende mit live TV-Sport\u00fcbertragungen<\/em> oder <em>musikalischen Events<\/em>. N\u00e4herer Infos unter <a href=\"https:\/\/www.gasthofsterkl.at\/?page_id=181\">AKTUELLES<\/a>.<\/p>\n\n\n\n<p>Dar\u00fcber hinaus beliefern wir Sie gerne pers\u00f6nlich mit Speisen und Getr\u00e4nken oder \u00dcbernehmen zus\u00e4tzlich die gesamte Planung Ihrer Veranstaltungen und Feiern.<\/p>\n\n\n\n<p>Es besteht auch die M\u00f6glichkeit eines <strong>MIETWAGENSERVICES<\/strong> nach telefonischer Voranmeldung.<br><br><strong>UNSERE \u00d6FFNUNGSZEITEN:<\/strong><br>MO, FR, SA 9-22h<br>DO 16-22h<br>SO, FEIERTAG 9-15h<br>DI, MI RUHETAG<\/p>\n\n\n\n<p>F\u00fcr Feiern und Veranstaltungen sind wir auch au\u00dferhalb unserer \u00d6ffnungszeiten f\u00fcr Sie da!<\/p>\n","protected":false},"excerpt":{"rendered":"<p>VERANSTALTUNGEN, FEIERN, CATERING: In unserem Gasthof stehen verschiedenste R\u00e4umlichkeiten f\u00fcr jegliche Art von Events und Veranstaltungen wie Hochzeiten, Geburtstagsfeiern, Weihnachtsfeiern, Taufen, Vereinssitzungen, Firmenfeiern sowie Seminare zur Verf\u00fcgung: die Gaststube mit 42 Sitzpl\u00e4tzen das J\u00e4gerst\u00fcberl mit 28 Sitzpl\u00e4tzen der Festsaal mit einem Fassungsverm\u00f6gen von bis zu 250 Personen Zus\u00e4tzlich gibt es im Au\u00dfenbereich den Schanigarten mit 16 Pl\u00e4tzen, sowie einen Innenhof mit bis zu 120 Sitzplatzm\u00f6glichkeiten. Zur k\u00fcnstlerischen Unterrahmung dienen Bilder des heimischen Malers Karl Krendl, welche die W\u00e4nde unserer Innenr\u00e4umen zieren. Neben t\u00e4glichen Mittagsmen\u00fcs bieten wir Thementage wie Steakessen, Wildbrettage, &#8222;Martinigansl&#8220; sowie Themenabende mit live TV-Sport\u00fcbertragungen oder musikalischen Events. N\u00e4herer Infos unter AKTUELLES. Dar\u00fcber hinaus beliefern wir Sie gerne pers\u00f6nlich mit Speisen und Getr\u00e4nken oder \u00dcbernehmen zus\u00e4tzlich die gesamte Planung Ihrer Veranstaltungen und Feiern. Es besteht auch die M\u00f6glichkeit eines MIETWAGENSERVICES nach telefonischer Voranmeldung. UNSERE \u00d6FFNUNGSZEITEN:MO, FR, SA 9-22hDO 16-22hSO, FEIERTAG 9-15hDI, MI RUHETAG F\u00fcr Feiern und Veranstaltungen sind wir auch au\u00dferhalb unserer \u00d6ffnungszeiten f\u00fcr Sie da!<\/p>\n","protected":false},"author":1,"featured_media":0,"parent":0,"menu_order":0,"comment_status":"closed","ping_status":"closed","template":"","meta":[],"_links":{"self":[{"href":"https:\/\/www.gasthofsterkl.at\/index.php?rest_route=\/wp\/v2\/pages\/77"}],"collection":[{"href":"https:\/\/www.gasthofsterkl.at\/index.php?rest_route=\/wp\/v2\/pages"}],"about":[{"href":"https:\/\/www.gasthofsterkl.at\/index.php?rest_route=\/wp\/v2\/types\/page"}],"author":[{"embeddable":true,"href":"https:\/\/www.gasthofsterkl.at\/index.php?rest_route=\/wp\/v2\/users\/1"}],"replies":[{"embeddable":true,"href":"https:\/\/www.gasthofsterkl.at\/index.php?rest_route=%2Fwp%2Fv2%2Fcomments&post=77"}],"version-history":[{"count":25,"href":"https:\/\/www.gasthofsterkl.at\/index.php?rest_route=\/wp\/v2\/pages\/77\/revisions"}],"predecessor-version":[{"id":644,"href":"https:\/\/www.gasthofsterkl.at\/index.php?rest_route=\/wp\/v2\/pages\/77\/revisions\/644"}],"wp:attachment":[{"href":"https:\/\/www.gasthofsterkl.at\/index.php?rest_route=%2Fwp%2Fv2%2Fmedia&parent=77"}],"curies":[{"name":"wp","href":"https:\/\/api.w.org\/{rel}","templated":true}]}}